{"id":4409,"date":"2022-02-22T14:45:06","date_gmt":"2022-02-22T13:45:06","guid":{"rendered":"https:\/\/cykelbudet.chillimedia.se\/?page_id=4409"},"modified":"2022-02-24T16:29:30","modified_gmt":"2022-02-24T15:29:30","slug":"bokningsoversikt","status":"publish","type":"page","link":"https:\/\/gallivarebuss.chillimedia.site\/de\/bokningsoversikt\/","title":{"rendered":"<p>Buchungs\u00fcbersicht<\/p>"},"content":{"rendered":"<div data-elementor-type=\"wp-page\" data-elementor-id=\"4409\" class=\"elementor elementor-4409\" data-elementor-post-type=\"page\">\n\t\t\t\t\t\t\t\t\t<section class=\"elementor-section elementor-top-section elementor-element elementor-element-db8ad00 elementor-section-boxed elementor-section-height-default elementor-section-height-default\" data-id=\"db8ad00\" data-element_type=\"section\">\n\t\t\t\t\t\t<div class=\"elementor-container elementor-column-gap-default\">\n\t\t\t\t\t<div class=\"elementor-column elementor-col-100 elementor-top-column elementor-element elementor-element-3483297 sc_layouts_column_icons_position_left\" data-id=\"3483297\" data-element_type=\"column\">\n\t\t\t<div class=\"elementor-widget-wrap elementor-element-populated\">\n\t\t\t\t\t\t\t\t<div class=\"elementor-element elementor-element-edd53ec elementor-widget elementor-widget-heading\" data-id=\"edd53ec\" data-element_type=\"widget\" data-widget_type=\"heading.default\">\n\t\t\t\t<div class=\"elementor-widget-container\">\n\t\t\t<h2 class=\"elementor-heading-title elementor-size-default\">Buchungs\u00fcbersicht<\/h2>\t\t<\/div>\n\t\t\t\t<\/div>\n\t\t\t\t\t<\/div>\n\t\t<\/div>\n\t\t\t\t\t\t\t<\/div>\n\t\t<\/section>\n\t\t\t\t<section class=\"elementor-section elementor-top-section elementor-element elementor-element-1dbcf71 elementor-section-boxed elementor-section-height-default elementor-section-height-default\" data-id=\"1dbcf71\" data-element_type=\"section\">\n\t\t\t\t\t\t<div class=\"elementor-container elementor-column-gap-default\">\n\t\t\t\t\t<div class=\"elementor-column elementor-col-100 elementor-top-column elementor-element elementor-element-a3ccd07 sc_layouts_column_icons_position_left\" data-id=\"a3ccd07\" data-element_type=\"column\">\n\t\t\t<div class=\"elementor-widget-wrap elementor-element-populated\">\n\t\t\t\t\t\t\t\t<div class=\"elementor-element elementor-element-9bc54f7 elementor-widget elementor-widget-shortcode\" data-id=\"9bc54f7\" data-element_type=\"widget\" data-widget_type=\"shortcode.default\">\n\t\t\t\t<div class=\"elementor-widget-container\">\n\t\t\t\t\t<div class=\"elementor-shortcode\">[booked-appointments]<\/div>\n\t\t\t\t<\/div>\n\t\t\t\t<\/div>\n\t\t\t\t\t<\/div>\n\t\t<\/div>\n\t\t\t\t\t\t\t<\/div>\n\t\t<\/section>\n\t\t\t\t\t\t\t<\/div>","protected":false},"excerpt":{"rendered":"<p>Boknings&ouml;versikt [booked-appointments]<\/p>","protected":false},"author":1,"featured_media":0,"parent":0,"menu_order":0,"comment_status":"closed","ping_status":"closed","template":"","meta":{"footnotes":""},"yoast_head":"<!-- This site is optimized with the Yoast SEO plugin v21.3 - https:\/\/yoast.com\/wordpress\/plugins\/seo\/ -->\n<title>Boknings\u00f6versikt | G\u00e4llivare Buss<\/title>\n<meta name=\"robots\" content=\"noindex, follow, max-snippet:-1, max-image-preview:large, max-video-preview:-1\" \/>\n<meta property=\"og:locale\" content=\"de_DE\" \/>\n<meta property=\"og:type\" content=\"article\" \/>\n<meta property=\"og:title\" content=\"Boknings\u00f6versikt | G\u00e4llivare Buss\" \/>\n<meta property=\"og:description\" content=\"Boknings\u00f6versikt [booked-appointments]\" \/>\n<meta property=\"og:url\" content=\"https:\/\/gallivarebuss.chillimedia.site\/de\/bokningsoversikt\/\" \/>\n<meta property=\"og:site_name\" content=\"G\u00e4llivare Buss\" \/>\n<meta property=\"article:modified_time\" content=\"2022-02-24T15:29:30+00:00\" \/>\n<meta name=\"twitter:card\" content=\"summary_large_image\" \/>\n<meta name=\"twitter:label1\" content=\"Gesch\u00e4tzte Lesezeit\" \/>\n\t<meta name=\"twitter:data1\" content=\"1\u00a0Minute\" \/>\n<script type=\"application\/ld+json\" class=\"yoast-schema-graph\">{\"@context\":\"https:\/\/schema.org\",\"@graph\":[{\"@type\":\"WebPage\",\"@id\":\"https:\/\/gallivarebuss.chillimedia.site\/bokningsoversikt\/\",\"url\":\"https:\/\/gallivarebuss.chillimedia.site\/bokningsoversikt\/\",\"name\":\"Boknings\u00f6versikt | G\u00e4llivare Buss\",\"isPartOf\":{\"@id\":\"https:\/\/gallivarebuss.chillimedia.site\/#website\"},\"datePublished\":\"2022-02-22T13:45:06+00:00\",\"dateModified\":\"2022-02-24T15:29:30+00:00\",\"breadcrumb\":{\"@id\":\"https:\/\/gallivarebuss.chillimedia.site\/bokningsoversikt\/#breadcrumb\"},\"inLanguage\":\"de\",\"potentialAction\":[{\"@type\":\"ReadAction\",\"target\":[\"https:\/\/gallivarebuss.chillimedia.site\/bokningsoversikt\/\"]}]},{\"@type\":\"BreadcrumbList\",\"@id\":\"https:\/\/gallivarebuss.chillimedia.site\/bokningsoversikt\/#breadcrumb\",\"itemListElement\":[{\"@type\":\"ListItem\",\"position\":1,\"name\":\"Hem\",\"item\":\"https:\/\/gallivarebuss.chillimedia.site\/\"},{\"@type\":\"ListItem\",\"position\":2,\"name\":\"Boknings\u00f6versikt\"}]},{\"@type\":\"WebSite\",\"@id\":\"https:\/\/gallivarebuss.chillimedia.site\/#website\",\"url\":\"https:\/\/gallivarebuss.chillimedia.site\/\",\"name\":\"G\u00e4llivare Buss\",\"description\":\"Turistresor, F\u00f6retagsresor, Linjetrafik &amp; Bussuthyrning\",\"publisher\":{\"@id\":\"https:\/\/gallivarebuss.chillimedia.site\/#organization\"},\"potentialAction\":[{\"@type\":\"SearchAction\",\"target\":{\"@type\":\"EntryPoint\",\"urlTemplate\":\"https:\/\/gallivarebuss.chillimedia.site\/?s={search_term_string}\"},\"query-input\":\"required name=search_term_string\"}],\"inLanguage\":\"de\"},{\"@type\":\"Organization\",\"@id\":\"https:\/\/gallivarebuss.chillimedia.site\/#organization\",\"name\":\"Cykelbudet i Ume\u00e5 AB\",\"url\":\"https:\/\/gallivarebuss.chillimedia.site\/\",\"logo\":{\"@type\":\"ImageObject\",\"inLanguage\":\"de\",\"@id\":\"https:\/\/gallivarebuss.chillimedia.site\/#\/schema\/logo\/image\/\",\"url\":\"https:\/\/gallivarebuss.chillimedia.site\/wp-content\/uploads\/2020\/11\/cykelbudet-logotype.png\",\"contentUrl\":\"https:\/\/gallivarebuss.chillimedia.site\/wp-content\/uploads\/2020\/11\/cykelbudet-logotype.png\",\"width\":200,\"height\":200,\"caption\":\"Cykelbudet i Ume\u00e5 AB\"},\"image\":{\"@id\":\"https:\/\/gallivarebuss.chillimedia.site\/#\/schema\/logo\/image\/\"}}]}<\/script>\n<!-- \/ Yoast SEO plugin. -->","yoast_head_json":{"title":"Boknings\u00f6versikt | G\u00e4llivare Buss","robots":{"index":"noindex","follow":"follow","max-snippet":"max-snippet:-1","max-image-preview":"max-image-preview:large","max-video-preview":"max-video-preview:-1"},"og_locale":"de_DE","og_type":"article","og_title":"Boknings\u00f6versikt | G\u00e4llivare Buss","og_description":"Boknings\u00f6versikt [booked-appointments]","og_url":"https:\/\/gallivarebuss.chillimedia.site\/de\/bokningsoversikt\/","og_site_name":"G\u00e4llivare Buss","article_modified_time":"2022-02-24T15:29:30+00:00","twitter_card":"summary_large_image","twitter_misc":{"Gesch\u00e4tzte Lesezeit":"1\u00a0Minute"},"schema":{"@context":"https:\/\/schema.org","@graph":[{"@type":"WebPage","@id":"https:\/\/gallivarebuss.chillimedia.site\/bokningsoversikt\/","url":"https:\/\/gallivarebuss.chillimedia.site\/bokningsoversikt\/","name":"Boknings\u00f6versikt | G\u00e4llivare Buss","isPartOf":{"@id":"https:\/\/gallivarebuss.chillimedia.site\/#website"},"datePublished":"2022-02-22T13:45:06+00:00","dateModified":"2022-02-24T15:29:30+00:00","breadcrumb":{"@id":"https:\/\/gallivarebuss.chillimedia.site\/bokningsoversikt\/#breadcrumb"},"inLanguage":"de","potentialAction":[{"@type":"ReadAction","target":["https:\/\/gallivarebuss.chillimedia.site\/bokningsoversikt\/"]}]},{"@type":"BreadcrumbList","@id":"https:\/\/gallivarebuss.chillimedia.site\/bokningsoversikt\/#breadcrumb","itemListElement":[{"@type":"ListItem","position":1,"name":"Hem","item":"https:\/\/gallivarebuss.chillimedia.site\/"},{"@type":"ListItem","position":2,"name":"Boknings\u00f6versikt"}]},{"@type":"WebSite","@id":"https:\/\/gallivarebuss.chillimedia.site\/#website","url":"https:\/\/gallivarebuss.chillimedia.site\/","name":"G\u00e4llivare Buss","description":"Turistresor, F\u00f6retagsresor, Linjetrafik &amp; Bussuthyrning","publisher":{"@id":"https:\/\/gallivarebuss.chillimedia.site\/#organization"},"potentialAction":[{"@type":"SearchAction","target":{"@type":"EntryPoint","urlTemplate":"https:\/\/gallivarebuss.chillimedia.site\/?s={search_term_string}"},"query-input":"required name=search_term_string"}],"inLanguage":"de"},{"@type":"Organization","@id":"https:\/\/gallivarebuss.chillimedia.site\/#organization","name":"Cykelbudet i Ume\u00e5 AB","url":"https:\/\/gallivarebuss.chillimedia.site\/","logo":{"@type":"ImageObject","inLanguage":"de","@id":"https:\/\/gallivarebuss.chillimedia.site\/#\/schema\/logo\/image\/","url":"https:\/\/gallivarebuss.chillimedia.site\/wp-content\/uploads\/2020\/11\/cykelbudet-logotype.png","contentUrl":"https:\/\/gallivarebuss.chillimedia.site\/wp-content\/uploads\/2020\/11\/cykelbudet-logotype.png","width":200,"height":200,"caption":"Cykelbudet i Ume\u00e5 AB"},"image":{"@id":"https:\/\/gallivarebuss.chillimedia.site\/#\/schema\/logo\/image\/"}}]}},"_links":{"self":[{"href":"https:\/\/gallivarebuss.chillimedia.site\/de\/wp-json\/wp\/v2\/pages\/4409"}],"collection":[{"href":"https:\/\/gallivarebuss.chillimedia.site\/de\/wp-json\/wp\/v2\/pages"}],"about":[{"href":"https:\/\/gallivarebuss.chillimedia.site\/de\/wp-json\/wp\/v2\/types\/page"}],"author":[{"embeddable":true,"href":"https:\/\/gallivarebuss.chillimedia.site\/de\/wp-json\/wp\/v2\/users\/1"}],"replies":[{"embeddable":true,"href":"https:\/\/gallivarebuss.chillimedia.site\/de\/wp-json\/wp\/v2\/comments?post=4409"}],"version-history":[{"count":13,"href":"https:\/\/gallivarebuss.chillimedia.site\/de\/wp-json\/wp\/v2\/pages\/4409\/revisions"}],"predecessor-version":[{"id":4781,"href":"https:\/\/gallivarebuss.chillimedia.site\/de\/wp-json\/wp\/v2\/pages\/4409\/revisions\/4781"}],"wp:attachment":[{"href":"https:\/\/gallivarebuss.chillimedia.site\/de\/wp-json\/wp\/v2\/media?parent=4409"}],"curies":[{"name":"wp","href":"https:\/\/api.w.org\/{rel}","templated":true}]}}