{"id":5783,"date":"2022-10-03T16:13:31","date_gmt":"2022-10-03T14:13:31","guid":{"rendered":"https:\/\/kirunabuss.chillimedia.se\/?page_id=5783"},"modified":"2022-10-13T15:31:17","modified_gmt":"2022-10-13T13:31:17","slug":"offert","status":"publish","type":"page","link":"https:\/\/gallivarebuss.chillimedia.site\/de\/offert\/","title":{"rendered":"<p>Angebot anfordern<\/p>"},"content":{"rendered":"<div data-elementor-type=\"wp-page\" data-elementor-id=\"5783\" class=\"elementor elementor-5783\" data-elementor-post-type=\"page\">\n\t\t\t\t\t\t\t\t\t<section class=\"elementor-section elementor-top-section elementor-element elementor-element-0515020 elementor-section-boxed elementor-section-height-default elementor-section-height-default\" data-id=\"0515020\" data-element_type=\"section\">\n\t\t\t\t\t\t<div class=\"elementor-container elementor-column-gap-default\">\n\t\t\t\t\t<div class=\"elementor-column elementor-col-100 elementor-top-column elementor-element elementor-element-55221e1 sc_layouts_column_icons_position_left\" data-id=\"55221e1\" data-element_type=\"column\">\n\t\t\t<div class=\"elementor-widget-wrap elementor-element-populated\">\n\t\t\t\t\t\t\t\t<div class=\"elementor-element elementor-element-99a26e1 elementor-widget elementor-widget-heading\" data-id=\"99a26e1\" data-element_type=\"widget\" data-widget_type=\"heading.default\">\n\t\t\t\t<div class=\"elementor-widget-container\">\n\t\t\t<h2 class=\"elementor-heading-title elementor-size-default\">Angebotsanfragen<\/h2>\t\t<\/div>\n\t\t\t\t<\/div>\n\t\t\t\t\t<\/div>\n\t\t<\/div>\n\t\t\t\t\t\t\t<\/div>\n\t\t<\/section>\n\t\t\t\t<section class=\"elementor-section elementor-top-section elementor-element elementor-element-1dbcf71 elementor-section-full_width elementor-section-stretched elementor-section-height-default elementor-section-height-default\" data-id=\"1dbcf71\" data-element_type=\"section\" data-settings='{\"stretch_section\":\"section-stretched\"}'>\n\t\t\t\t\t\t<div class=\"elementor-container elementor-column-gap-default\">\n\t\t\t\t\t<div class=\"elementor-column elementor-col-100 elementor-top-column elementor-element elementor-element-a3ccd07 sc_layouts_column_icons_position_left\" data-id=\"a3ccd07\" data-element_type=\"column\">\n\t\t\t<div class=\"elementor-widget-wrap elementor-element-populated\">\n\t\t\t\t\t\t\t\t<section class=\"elementor-section elementor-inner-section elementor-element elementor-element-e19dd9e elementor-reverse-mobile elementor-section-full_width elementor-section-height-default elementor-section-height-default\" data-id=\"e19dd9e\" data-element_type=\"section\">\n\t\t\t\t\t\t<div class=\"elementor-container elementor-column-gap-default\">\n\t\t\t\t\t<div class=\"elementor-column elementor-col-50 elementor-inner-column elementor-element elementor-element-5f6a855 elementor-hidden-tablet sc_layouts_column_icons_position_left\" data-id=\"5f6a855\" data-element_type=\"column\">\n\t\t\t<div class=\"elementor-widget-wrap elementor-element-populated\">\n\t\t\t\t\t\t\t\t<div class=\"elementor-element elementor-element-c0ef308 elementor-widget elementor-widget-trx_widget_contacts\" data-id=\"c0ef308\" data-element_type=\"widget\" data-widget_type=\"trx_widget_contacts.default\">\n\t\t\t\t<div class=\"elementor-widget-container\">\n\t\t\t<div id=\"trx_widget_contacts_1323818209\" class=\"widget_area sc_widget_contacts\"><aside id=\"trx_widget_contacts_1323818209_widget\" class=\"widget widget_contacts\"><h5 class=\"widget_title\">Es ist v\u00f6llig kostenlos<\/h5><div class=\"contacts_wrap\"><div class=\"contacts_info\"><span class=\"contacts_address\">Hjalmar Lundbohmsv&auml;gen 45 <br> 981 34 G&auml;llivare <br> B\u00fcrozeiten: 8.00 - 17.00 Uhr<\/span><span class=\"contacts_email\"><a href=\"mailto:info@gallivarebuss.chillimedia.site\">info@gallivarebuss.chillimedia.site<\/a><\/span><span class=\"contacts_phone\"><a href=\"tel:0980-12400\">0980-12400<\/a><\/span><\/div><div class=\"contacts_socials socials_wrap\"><a target=\"_blank\" href=\"https:\/\/www.facebook.com\/profile.php?id=100063786600666\" class=\"social_item social_item_style_icons social_item_type_icons\"><span class=\"social_icon social_facebook-rect\"><span class=\"icon-facebook-rect\"><\/span><\/span><\/a><\/div><\/div><!-- \/.contacts_wrap --><\/aside><\/div>\t\t<\/div>\n\t\t\t\t<\/div>\n\t\t\t\t\t<\/div>\n\t\t<\/div>\n\t\t\t\t<div class=\"elementor-column elementor-col-50 elementor-inner-column elementor-element elementor-element-5cb413c sc_layouts_column_icons_position_left\" data-id=\"5cb413c\" data-element_type=\"column\">\n\t\t\t<div class=\"elementor-widget-wrap elementor-element-populated\">\n\t\t\t\t\t\t\t\t<div class=\"elementor-element elementor-element-7b1b62b elementor-widget elementor-widget-shortcode\" data-id=\"7b1b62b\" data-element_type=\"widget\" data-widget_type=\"shortcode.default\">\n\t\t\t\t<div class=\"elementor-widget-container\">\n\t\t\t\t\t<div class=\"elementor-shortcode\">\n<div class=\"wpcf7 no-js\" id=\"wpcf7-f5800-o1\" lang=\"en-US\" dir=\"ltr\">\n<div class=\"screen-reader-response\"><p role=\"status\" aria-live=\"polite\" aria-atomic=\"true\"><\/p> <ul><\/ul><\/div>\n<form action=\"\/de\/wp-json\/wp\/v2\/pages\/5783#wpcf7-f5800-o1\" method=\"post\" class=\"wpcf7-form init\" aria-label=\"Contact form\" novalidate=\"novalidate\" data-status=\"init\" data-trp-original-action=\"\/de\/wp-json\/wp\/v2\/pages\/5783#wpcf7-f5800-o1\">\n<div style=\"display: none;\">\n<input type=\"hidden\" name=\"_wpcf7\" value=\"5800\">\n<input type=\"hidden\" name=\"_wpcf7_version\" value=\"5.8.1\">\n<input type=\"hidden\" name=\"_wpcf7_locale\" value=\"en_US\">\n<input type=\"hidden\" name=\"_wpcf7_unit_tag\" value=\"wpcf7-f5800-o1\">\n<input type=\"hidden\" name=\"_wpcf7_container_post\" value=\"0\">\n<input type=\"hidden\" name=\"_wpcf7_posted_data_hash\" value=\"\">\n<input type=\"hidden\" name=\"_wpcf7_recaptcha_response\" value=\"\">\n<\/div>\n<div class=\"contact_us_form\">\n\t<div class=\"columns_wrap\">\n\t\t<div class=\"column-1_2\">\n\t\t\t<p><span class=\"wpcf7-form-control-wrap\" data-name=\"your-name\"><input size=\"40\" class=\"wpcf7-form-control wpcf7-text wpcf7-validates-as-required\" aria-required=\"true\" aria-invalid=\"false\" placeholder=\"Name\" value=\"\" type=\"text\" name=\"your-name\"><\/span>\n\t\t\t<\/p>\n\t\t<\/div>\n\t\t<div class=\"column-1_2\">\n\t\t\t<p><span class=\"wpcf7-form-control-wrap\" data-name=\"your-email\"><input size=\"40\" class=\"wpcf7-form-control wpcf7-email wpcf7-validates-as-required wpcf7-text wpcf7-validates-as-email\" aria-required=\"true\" aria-invalid=\"false\" placeholder=\"Email\" value=\"\" type=\"email\" name=\"your-email\"><\/span>\n\t\t\t<\/p>\n\t\t<\/div>\n\t<\/div>\n\t<div class=\"columns_wrap\">\n\t\t<div class=\"column-1_2\">\n\t\t\t<p><span class=\"wpcf7-form-control-wrap\" data-name=\"starting-point\"><input size=\"40\" class=\"wpcf7-form-control wpcf7-text wpcf7-validates-as-required\" aria-required=\"true\" aria-invalid=\"false\" placeholder=\"Reisen von\" value=\"\" type=\"text\" name=\"starting-point\"><\/span>\n\t\t\t<\/p>\n\t\t<\/div>\n\t\t<div class=\"column-1_2\">\n\t\t\t<p><span class=\"wpcf7-form-control-wrap\" data-name=\"destination\"><input size=\"40\" class=\"wpcf7-form-control wpcf7-text wpcf7-validates-as-required\" aria-required=\"true\" aria-invalid=\"false\" placeholder=\"Reisen nach\" value=\"\" type=\"text\" name=\"destination\"><\/span>\n\t\t\t<\/p>\n\t\t<\/div>\n\t<\/div>\n\t<div class=\"columns_wrap\">\n\t\t<div class=\"column-1_2\">\n\t\t\t<p><label> Abreisedatum <span class=\"wpcf7-form-control-wrap\" data-name=\"date-departure\"><input class=\"wpcf7-form-control wpcf7-date wpcf7-validates-as-date\" min=\"2022-09-01\" max=\"2099-01-01\" aria-invalid=\"false\" value=\"2026-04-18\" type=\"date\" name=\"date-departure\"><\/span><\/label>\n\t\t\t<\/p>\n\t\t<\/div>\n\t\t<div class=\"column-1_2\">\n\t\t\t<p><label> R\u00fcckflugdatum <span class=\"wpcf7-form-control-wrap\" data-name=\"date-arrival\"><input class=\"wpcf7-form-control wpcf7-date wpcf7-validates-as-required wpcf7-validates-as-date\" min=\"2022-09-01\" max=\"2099-01-01\" aria-required=\"true\" aria-invalid=\"false\" value=\"2026-04-18\" type=\"date\" name=\"date-arrival\"><\/span><\/label>\n\t\t\t<\/p>\n\t\t<\/div>\n\t<\/div>\n\t<div class=\"columns_wrap\">\n\t\t<div class=\"column-1_2\">\n\t\t\t<p><span class=\"wpcf7-form-control-wrap\" data-name=\"departure-time\"><input size=\"40\" class=\"wpcf7-form-control wpcf7-text wpcf7-validates-as-required\" aria-required=\"true\" aria-invalid=\"false\" placeholder=\"Abfahrtszeit (Uhrzeit)\" value=\"\" type=\"text\" name=\"departure-time\"><\/span>\n\t\t\t<\/p>\n\t\t<\/div>\n\t\t<div class=\"column-1_2\">\n\t\t\t<p><span class=\"wpcf7-form-control-wrap\" data-name=\"arrival-time\"><input size=\"40\" class=\"wpcf7-form-control wpcf7-text wpcf7-validates-as-required\" aria-required=\"true\" aria-invalid=\"false\" placeholder=\"Heimreisezeit (Zeit)\" value=\"\" type=\"text\" name=\"arrival-time\"><\/span>\n\t\t\t<\/p>\n\t\t<\/div>\n\t<\/div>\n\t<div class=\"columns_wrap\">\n\t\t<div class=\"column-1_2\">\n\t\t\t<p><span class=\"wpcf7-form-control-wrap\" data-name=\"number-of-passengers\"><input size=\"40\" class=\"wpcf7-form-control wpcf7-text wpcf7-validates-as-required\" aria-required=\"true\" aria-invalid=\"false\" placeholder=\"Anzahl der Passagiere\" value=\"\" type=\"text\" name=\"number-of-passengers\"><\/span>\n\t\t\t<\/p>\n\t\t<\/div>\n\t\t<div class=\"column-1_2\">\n\t\t\t<p><span class=\"wpcf7-form-control-wrap\" data-name=\"your-phone\"><input size=\"40\" class=\"wpcf7-form-control wpcf7-text wpcf7-validates-as-required\" aria-required=\"true\" aria-invalid=\"false\" placeholder=\"Telefon\" value=\"\" type=\"text\" name=\"your-phone\"><\/span>\n\t\t\t<\/p>\n\t\t<\/div>\n\t<\/div>\n\t<div class=\"columns_wrap\">\n\t\t<div class=\"column-1_1\">\n\t\t\t<p><span class=\"wpcf7-form-control-wrap\" data-name=\"your-message\"><textarea cols=\"40\" rows=\"3\" class=\"wpcf7-form-control wpcf7-textarea\" aria-invalid=\"false\" placeholder=\"Andere (Schreiben Sie auf Englisch)\" name=\"your-message\"><\/textarea><\/span>\n\t\t\t<\/p>\n\t\t<\/div>\n\t<\/div>\n\t<div class=\"columns_wrap sc_align_left\">\n\t\t<div class=\"column-1_1\">\n\t\t\t<p><input class=\"wpcf7-form-control wpcf7-submit has-spinner\" type=\"submit\" value=\"Angebotsanfrage senden\">\n\t\t\t<\/p>\n\t\t<\/div>\n\t<\/div>\n<\/div><div class=\"wpcf7-response-output\" aria-hidden=\"true\"><\/div>\n<input type=\"hidden\" name=\"trp-form-language\" value=\"de\"\/><\/form>\n<\/div>\n<\/div>\n\t\t\t\t<\/div>\n\t\t\t\t<\/div>\n\t\t\t\t<div class=\"elementor-element elementor-element-cd77285 elementor-widget elementor-widget-text-editor\" data-id=\"cd77285\" data-element_type=\"widget\" data-widget_type=\"text-editor.default\">\n\t\t\t\t<div class=\"elementor-widget-container\">\n\t\t\t\t\t\t\t<p class=\"recaptcha-text\">* Dieses Formular ist durch reCAPTCHA gesch\u00fctzt <a href=\"https:\/\/policies.google.com\/terms\" target=\"_blank\">Google<\/a>.<\/p>\t\t\t\t\t\t<\/div>\n\t\t\t\t<\/div>\n\t\t\t\t\t<\/div>\n\t\t<\/div>\n\t\t\t\t\t\t\t<\/div>\n\t\t<\/section>\n\t\t\t\t\t<\/div>\n\t\t<\/div>\n\t\t\t\t\t\t\t<\/div>\n\t\t<\/section>\n\t\t\t\t<section class=\"elementor-section elementor-top-section elementor-element elementor-element-cb74cb5 elementor-section-full_width elementor-section-stretched elementor-section-height-default elementor-section-height-default\" data-id=\"cb74cb5\" data-element_type=\"section\" data-settings='{\"stretch_section\":\"section-stretched\"}'>\n\t\t\t\t\t\t<div class=\"elementor-container elementor-column-gap-default\">\n\t\t\t\t\t<div class=\"elementor-column elementor-col-100 elementor-top-column elementor-element elementor-element-dc5428d sc_layouts_column_icons_position_left\" data-id=\"dc5428d\" data-element_type=\"column\">\n\t\t\t<div class=\"elementor-widget-wrap elementor-element-populated\">\n\t\t\t\t\t\t\t\t<div class=\"elementor-element elementor-element-effd4f2 elementor-widget elementor-widget-trx_sc_googlemap\" data-id=\"effd4f2\" data-element_type=\"widget\" data-widget_type=\"trx_sc_googlemap.default\">\n\t\t\t\t<div class=\"elementor-widget-container\">\n\t\t\t<div id=\"trx_sc_googlemap_1221036913_wrap\" class=\"sc_googlemap_wrap\"><div id=\"trx_sc_googlemap_1221036913\" class=\"sc_googlemap sc_googlemap_default\" style=\"width:100%;height:350px;\" data-zoom=\"13\" data-style=\"inverse\" data-cluster-icon=\"\"><iframe src=\"https:\/\/maps.google.com\/maps?t=m&amp;output=embed&amp;iwloc=near&amp;z=13&amp;q=Hjalmar+Lundbohmsv%C3%A4gen+45\" scrolling=\"no\" marginheight=\"0\" marginwidth=\"0\" frameborder=\"0\" aria-label=\"\"><\/iframe><\/div><\/div><!-- \/.sc_googlemap_wrap -->\t\t<\/div>\n\t\t\t\t<\/div>\n\t\t\t\t\t<\/div>\n\t\t<\/div>\n\t\t\t\t\t\t\t<\/div>\n\t\t<\/section>\n\t\t\t\t\t\t\t<\/div>","protected":false},"excerpt":{"rendered":"<p>BEG&Auml;R OFFERT Det &auml;r helt kostnadsfritt Hjalmar Lundbohmsv&auml;gen 45 981 34 G&auml;llivare Kontorstid: 8.00 &ndash; 17.00info@kirunabuss.se0980-12400 * Detta formul&auml;r &auml;r skyddat av reCAPTCHA fr&aring;n Google.<\/p>","protected":false},"author":1,"featured_media":0,"parent":0,"menu_order":0,"comment_status":"closed","ping_status":"closed","template":"","meta":{"footnotes":""},"yoast_head":"<!-- This site is optimized with the Yoast SEO plugin v21.3 - https:\/\/yoast.com\/wordpress\/plugins\/seo\/ -->\n<title>Beg\u00e4r offert | G\u00e4llivare Buss<\/title>\n<meta name=\"robots\" content=\"noindex, follow, max-snippet:-1, max-image-preview:large, max-video-preview:-1\" \/>\n<meta property=\"og:locale\" content=\"de_DE\" \/>\n<meta property=\"og:type\" content=\"article\" \/>\n<meta property=\"og:title\" content=\"Beg\u00e4r offert | G\u00e4llivare Buss\" \/>\n<meta property=\"og:description\" content=\"BEG\u00c4R OFFERT Det \u00e4r helt kostnadsfritt Hjalmar Lundbohmsv\u00e4gen 45 981 34 G\u00e4llivare Kontorstid: 8.00 &#8211; 17.00&#105;&#110;&#102;o&#064;&#107;iru&#110;&#097;b&#117;ss.s&#101;0980-12400 * Detta formul\u00e4r \u00e4r skyddat av reCAPTCHA fr\u00e5n Google.\" \/>\n<meta property=\"og:url\" content=\"https:\/\/gallivarebuss.chillimedia.site\/de\/offert\/\" \/>\n<meta property=\"og:site_name\" content=\"G\u00e4llivare Buss\" \/>\n<meta property=\"article:modified_time\" content=\"2022-10-13T13:31:17+00:00\" \/>\n<meta name=\"twitter:card\" content=\"summary_large_image\" \/>\n<meta name=\"twitter:label1\" content=\"Gesch\u00e4tzte Lesezeit\" \/>\n\t<meta name=\"twitter:data1\" content=\"1\u00a0Minute\" \/>\n<script type=\"application\/ld+json\" class=\"yoast-schema-graph\">{\"@context\":\"https:\/\/schema.org\",\"@graph\":[{\"@type\":\"WebPage\",\"@id\":\"https:\/\/gallivarebuss.chillimedia.site\/offert\/\",\"url\":\"https:\/\/gallivarebuss.chillimedia.site\/offert\/\",\"name\":\"Beg\u00e4r offert | G\u00e4llivare Buss\",\"isPartOf\":{\"@id\":\"https:\/\/gallivarebuss.chillimedia.site\/#website\"},\"datePublished\":\"2022-10-03T14:13:31+00:00\",\"dateModified\":\"2022-10-13T13:31:17+00:00\",\"breadcrumb\":{\"@id\":\"https:\/\/gallivarebuss.chillimedia.site\/offert\/#breadcrumb\"},\"inLanguage\":\"de\",\"potentialAction\":[{\"@type\":\"ReadAction\",\"target\":[\"https:\/\/gallivarebuss.chillimedia.site\/offert\/\"]}]},{\"@type\":\"BreadcrumbList\",\"@id\":\"https:\/\/gallivarebuss.chillimedia.site\/offert\/#breadcrumb\",\"itemListElement\":[{\"@type\":\"ListItem\",\"position\":1,\"name\":\"Hem\",\"item\":\"https:\/\/gallivarebuss.chillimedia.site\/\"},{\"@type\":\"ListItem\",\"position\":2,\"name\":\"Beg\u00e4r offert\"}]},{\"@type\":\"WebSite\",\"@id\":\"https:\/\/gallivarebuss.chillimedia.site\/#website\",\"url\":\"https:\/\/gallivarebuss.chillimedia.site\/\",\"name\":\"G\u00e4llivare Buss\",\"description\":\"Turistresor, F\u00f6retagsresor, Linjetrafik &amp; Bussuthyrning\",\"publisher\":{\"@id\":\"https:\/\/gallivarebuss.chillimedia.site\/#organization\"},\"potentialAction\":[{\"@type\":\"SearchAction\",\"target\":{\"@type\":\"EntryPoint\",\"urlTemplate\":\"https:\/\/gallivarebuss.chillimedia.site\/?s={search_term_string}\"},\"query-input\":\"required name=search_term_string\"}],\"inLanguage\":\"de\"},{\"@type\":\"Organization\",\"@id\":\"https:\/\/gallivarebuss.chillimedia.site\/#organization\",\"name\":\"Cykelbudet i Ume\u00e5 AB\",\"url\":\"https:\/\/gallivarebuss.chillimedia.site\/\",\"logo\":{\"@type\":\"ImageObject\",\"inLanguage\":\"de\",\"@id\":\"https:\/\/gallivarebuss.chillimedia.site\/#\/schema\/logo\/image\/\",\"url\":\"https:\/\/gallivarebuss.chillimedia.site\/wp-content\/uploads\/2020\/11\/cykelbudet-logotype.png\",\"contentUrl\":\"https:\/\/gallivarebuss.chillimedia.site\/wp-content\/uploads\/2020\/11\/cykelbudet-logotype.png\",\"width\":200,\"height\":200,\"caption\":\"Cykelbudet i Ume\u00e5 AB\"},\"image\":{\"@id\":\"https:\/\/gallivarebuss.chillimedia.site\/#\/schema\/logo\/image\/\"}}]}<\/script>\n<!-- \/ Yoast SEO plugin. -->","yoast_head_json":{"title":"Beg\u00e4r offert | G\u00e4llivare Buss","robots":{"index":"noindex","follow":"follow","max-snippet":"max-snippet:-1","max-image-preview":"max-image-preview:large","max-video-preview":"max-video-preview:-1"},"og_locale":"de_DE","og_type":"article","og_title":"Beg\u00e4r offert | G\u00e4llivare Buss","og_description":"BEG\u00c4R OFFERT Det \u00e4r helt kostnadsfritt Hjalmar Lundbohmsv\u00e4gen 45 981 34 G\u00e4llivare Kontorstid: 8.00 &#8211; 17.00&#105;&#110;&#102;o&#64;&#107;iru&#110;&#97;b&#117;ss.s&#101;0980-12400 * Detta formul\u00e4r \u00e4r skyddat av reCAPTCHA fr\u00e5n Google.","og_url":"https:\/\/gallivarebuss.chillimedia.site\/de\/offert\/","og_site_name":"G\u00e4llivare Buss","article_modified_time":"2022-10-13T13:31:17+00:00","twitter_card":"summary_large_image","twitter_misc":{"Gesch\u00e4tzte Lesezeit":"1\u00a0Minute"},"schema":{"@context":"https:\/\/schema.org","@graph":[{"@type":"WebPage","@id":"https:\/\/gallivarebuss.chillimedia.site\/offert\/","url":"https:\/\/gallivarebuss.chillimedia.site\/offert\/","name":"Beg\u00e4r offert | G\u00e4llivare Buss","isPartOf":{"@id":"https:\/\/gallivarebuss.chillimedia.site\/#website"},"datePublished":"2022-10-03T14:13:31+00:00","dateModified":"2022-10-13T13:31:17+00:00","breadcrumb":{"@id":"https:\/\/gallivarebuss.chillimedia.site\/offert\/#breadcrumb"},"inLanguage":"de","potentialAction":[{"@type":"ReadAction","target":["https:\/\/gallivarebuss.chillimedia.site\/offert\/"]}]},{"@type":"BreadcrumbList","@id":"https:\/\/gallivarebuss.chillimedia.site\/offert\/#breadcrumb","itemListElement":[{"@type":"ListItem","position":1,"name":"Hem","item":"https:\/\/gallivarebuss.chillimedia.site\/"},{"@type":"ListItem","position":2,"name":"Beg\u00e4r offert"}]},{"@type":"WebSite","@id":"https:\/\/gallivarebuss.chillimedia.site\/#website","url":"https:\/\/gallivarebuss.chillimedia.site\/","name":"G\u00e4llivare Buss","description":"Turistresor, F\u00f6retagsresor, Linjetrafik &amp; Bussuthyrning","publisher":{"@id":"https:\/\/gallivarebuss.chillimedia.site\/#organization"},"potentialAction":[{"@type":"SearchAction","target":{"@type":"EntryPoint","urlTemplate":"https:\/\/gallivarebuss.chillimedia.site\/?s={search_term_string}"},"query-input":"required name=search_term_string"}],"inLanguage":"de"},{"@type":"Organization","@id":"https:\/\/gallivarebuss.chillimedia.site\/#organization","name":"Cykelbudet i Ume\u00e5 AB","url":"https:\/\/gallivarebuss.chillimedia.site\/","logo":{"@type":"ImageObject","inLanguage":"de","@id":"https:\/\/gallivarebuss.chillimedia.site\/#\/schema\/logo\/image\/","url":"https:\/\/gallivarebuss.chillimedia.site\/wp-content\/uploads\/2020\/11\/cykelbudet-logotype.png","contentUrl":"https:\/\/gallivarebuss.chillimedia.site\/wp-content\/uploads\/2020\/11\/cykelbudet-logotype.png","width":200,"height":200,"caption":"Cykelbudet i Ume\u00e5 AB"},"image":{"@id":"https:\/\/gallivarebuss.chillimedia.site\/#\/schema\/logo\/image\/"}}]}},"_links":{"self":[{"href":"https:\/\/gallivarebuss.chillimedia.site\/de\/wp-json\/wp\/v2\/pages\/5783"}],"collection":[{"href":"https:\/\/gallivarebuss.chillimedia.site\/de\/wp-json\/wp\/v2\/pages"}],"about":[{"href":"https:\/\/gallivarebuss.chillimedia.site\/de\/wp-json\/wp\/v2\/types\/page"}],"author":[{"embeddable":true,"href":"https:\/\/gallivarebuss.chillimedia.site\/de\/wp-json\/wp\/v2\/users\/1"}],"replies":[{"embeddable":true,"href":"https:\/\/gallivarebuss.chillimedia.site\/de\/wp-json\/wp\/v2\/comments?post=5783"}],"version-history":[{"count":22,"href":"https:\/\/gallivarebuss.chillimedia.site\/de\/wp-json\/wp\/v2\/pages\/5783\/revisions"}],"predecessor-version":[{"id":6238,"href":"https:\/\/gallivarebuss.chillimedia.site\/de\/wp-json\/wp\/v2\/pages\/5783\/revisions\/6238"}],"wp:attachment":[{"href":"https:\/\/gallivarebuss.chillimedia.site\/de\/wp-json\/wp\/v2\/media?parent=5783"}],"curies":[{"name":"wp","href":"https:\/\/api.w.org\/{rel}","templated":true}]}}