{"id":5934,"date":"2022-10-04T14:52:04","date_gmt":"2022-10-04T12:52:04","guid":{"rendered":"https:\/\/kirunabuss.chillimedia.se\/?page_id=5934"},"modified":"2023-09-28T22:20:28","modified_gmt":"2023-09-28T20:20:28","slug":"transfer-abisko","status":"publish","type":"page","link":"https:\/\/gallivarebuss.chillimedia.site\/de\/tjanster\/transfer-abisko\/","title":{"rendered":"<p>Transfer Abisko fr&aring;n G&auml;llivare<\/p>"},"content":{"rendered":"<div data-elementor-type=\"wp-page\" data-elementor-id=\"5934\" class=\"elementor elementor-5934\" data-elementor-post-type=\"page\">\n\t\t\t\t\t\t\t\t\t<section class=\"elementor-section elementor-top-section elementor-element elementor-element-e138b54 elementor-section-full_width elementor-section-stretched elementor-section-height-min-height elementor-section-content-space-between elementor-section-height-default elementor-section-items-middle\" data-id=\"e138b54\" data-element_type=\"section\" id=\"cb-start-section\" data-settings='{\"stretch_section\":\"section-stretched\",\"background_background\":\"slideshow\",\"background_slideshow_gallery\":[{\"id\":6170,\"url\":\"https:\\\/\\\/gallivarebuss.chillimedia.site\\\/wp-content\\\/uploads\\\/2022\\\/10\\\/transfer-abisko-buss-bg-1.jpg\"}],\"background_slideshow_ken_burns\":\"yes\",\"background_slideshow_ken_burns_zoom_direction\":\"out\",\"background_slideshow_slide_duration\":8000,\"shape_divider_bottom\":\"mountains\",\"background_slideshow_loop\":\"yes\",\"background_slideshow_slide_transition\":\"fade\",\"background_slideshow_transition_duration\":500}'>\n\t\t\t\t\t\t\t<div class=\"elementor-background-overlay\"><\/div>\n\t\t\t\t\t\t<div class=\"elementor-shape elementor-shape-bottom\" data-negative=\"false\">\n\t\t\t<svg xmlns=\"http:\/\/www.w3.org\/2000\/svg\" viewbox=\"0 0 1000 100\" preserveaspectratio=\"none\">\n\t<path class=\"elementor-shape-fill\" opacity=\"0.33\" d=\"M473,67.3c-203.9,88.3-263.1-34-320.3,0C66,119.1,0,59.7,0,59.7V0h1000v59.7 c0,0-62.1,26.1-94.9,29.3c-32.8,3.3-62.8-12.3-75.8-22.1C806,49.6,745.3,8.7,694.9,4.7S492.4,59,473,67.3z\"><\/path>\n\t<path class=\"elementor-shape-fill\" opacity=\"0.66\" d=\"M734,67.3c-45.5,0-77.2-23.2-129.1-39.1c-28.6-8.7-150.3-10.1-254,39.1 s-91.7-34.4-149.2,0C115.7,118.3,0,39.8,0,39.8V0h1000v36.5c0,0-28.2-18.5-92.1-18.5C810.2,18.1,775.7,67.3,734,67.3z\"><\/path>\n\t<path class=\"elementor-shape-fill\" d=\"M766.1,28.9c-200-57.5-266,65.5-395.1,19.5C242,1.8,242,5.4,184.8,20.6C128,35.8,132.3,44.9,89.9,52.5C28.6,63.7,0,0,0,0 h1000c0,0-9.9,40.9-83.6,48.1S829.6,47,766.1,28.9z\"><\/path>\n<\/svg>\t\t<\/div>\n\t\t\t\t\t<div class=\"elementor-container elementor-column-gap-extended\">\n\t\t\t\t\t<div class=\"elementor-column elementor-col-50 elementor-top-column elementor-element elementor-element-8b62e93 cb-slider-left sc_layouts_column_icons_position_left\" data-id=\"8b62e93\" data-element_type=\"column\">\n\t\t\t<div class=\"elementor-widget-wrap elementor-element-populated\">\n\t\t\t\t\t\t\t\t<div class=\"elementor-element elementor-element-e441b0f elementor-widget__width-auto elementor-widget elementor-widget-heading\" data-id=\"e441b0f\" data-element_type=\"widget\" data-widget_type=\"heading.default\">\n\t\t\t\t<div class=\"elementor-widget-container\">\n\t\t\t<h3 class=\"elementor-heading-title elementor-size-xxl\">Unsere<\/h3>\t\t<\/div>\n\t\t\t\t<\/div>\n\t\t\t\t<div class=\"elementor-element elementor-element-df37182 elementor-widget__width-auto elementor-widget elementor-widget-heading\" data-id=\"df37182\" data-element_type=\"widget\" data-widget_type=\"heading.default\">\n\t\t\t\t<div class=\"elementor-widget-container\">\n\t\t\t<h3 class=\"elementor-heading-title elementor-size-xxl\">Reisen<\/h3>\t\t<\/div>\n\t\t\t\t<\/div>\n\t\t\t\t<div class=\"elementor-element elementor-element-09d9bbe elementor-widget elementor-widget-heading\" data-id=\"09d9bbe\" data-element_type=\"widget\" data-widget_type=\"heading.default\">\n\t\t\t\t<div class=\"elementor-widget-container\">\n\t\t\t<h2 class=\"elementor-heading-title elementor-size-large\">Transferbusse<\/h2>\t\t<\/div>\n\t\t\t\t<\/div>\n\t\t\t\t<div class=\"elementor-element elementor-element-de381c9 elementor-widget elementor-widget-spacer\" data-id=\"de381c9\" data-element_type=\"widget\" data-widget_type=\"spacer.default\">\n\t\t\t\t<div class=\"elementor-widget-container\">\n\t\t\t\t\t<div class=\"elementor-spacer\">\n\t\t\t<div class=\"elementor-spacer-inner\"><\/div>\n\t\t<\/div>\n\t\t\t\t<\/div>\n\t\t\t\t<\/div>\n\t\t\t\t<div class=\"elementor-element elementor-element-03c67ab elementor-widget elementor-widget-text-editor\" data-id=\"03c67ab\" data-element_type=\"widget\" data-widget_type=\"text-editor.default\">\n\t\t\t\t<div class=\"elementor-widget-container\">\n\t\t\t\t\t\t\t<p>Vi erbjuder regelbundna bussresor mellan G&auml;llivare, Abisko och Jukkasj&auml;rvi Icehotel. &Aring;k bekv&auml;mt, ekonomiskt och milj&ouml;v&auml;nligt med oss. Boka g&auml;rna bussresan i f&ouml;rv&auml;g via v&aring;r hemsida s&aring; &auml;r du garanterad en plats.<\/p>\t\t\t\t\t\t<\/div>\n\t\t\t\t<\/div>\n\t\t\t\t<div class=\"elementor-element elementor-element-695b87a elementor-widget elementor-widget-spacer\" data-id=\"695b87a\" data-element_type=\"widget\" data-widget_type=\"spacer.default\">\n\t\t\t\t<div class=\"elementor-widget-container\">\n\t\t\t\t\t<div class=\"elementor-spacer\">\n\t\t\t<div class=\"elementor-spacer-inner\"><\/div>\n\t\t<\/div>\n\t\t\t\t<\/div>\n\t\t\t\t<\/div>\n\t\t\t\t<div class=\"elementor-element elementor-element-ff30012 scheme_default elementor-widget__width-auto elementor-widget-mobile__width-inherit elementor-widget elementor-widget-trx_sc_button\" data-id=\"ff30012\" data-element_type=\"widget\" data-widget_type=\"trx_sc_button.default\">\n\t\t\t\t<div class=\"elementor-widget-container\">\n\t\t\t<div class=\"sc_item_button sc_button_wrap sc_align_center\"><a href=\"https:\/\/G%C3%A4llivarebussab.rezdy.com\/catalog\/506839\/transport\" id=\"trx_sc_button_29651055\" class=\"sc_button color_style_default sc_button_default sc_button_size_large sc_button_icon_left\"><span class=\"sc_button_text\"><span class=\"sc_button_title\">Busfahrt buchen<\/span><\/span><!-- \/.sc_button_text --><\/a><!-- \/.sc_button --><\/div><!-- \/.sc_item_button -->\t\t<\/div>\n\t\t\t\t<\/div>\n\t\t\t\t\t<\/div>\n\t\t<\/div>\n\t\t\t\t<div class=\"elementor-column elementor-col-50 elementor-top-column elementor-element elementor-element-a0994d7 cb-slider-right elementor-hidden-tablet sc_layouts_column_icons_position_left\" data-id=\"a0994d7\" data-element_type=\"column\">\n\t\t\t<div class=\"elementor-widget-wrap\">\n\t\t\t\t\t\t\t\t\t<\/div>\n\t\t<\/div>\n\t\t\t\t\t\t\t<\/div>\n\t\t<\/section>\n\t\t\t\t<section class=\"elementor-section elementor-top-section elementor-element elementor-element-1699b10 elementor-section-boxed elementor-section-height-default elementor-section-height-default\" data-id=\"1699b10\" data-element_type=\"section\">\n\t\t\t\t\t\t<div class=\"elementor-container elementor-column-gap-default\">\n\t\t\t\t\t<div class=\"elementor-column elementor-col-100 elementor-top-column elementor-element elementor-element-9f74a39 sc_layouts_column_icons_position_left\" data-id=\"9f74a39\" data-element_type=\"column\">\n\t\t\t<div class=\"elementor-widget-wrap elementor-element-populated\">\n\t\t\t\t\t\t\t\t<div class=\"elementor-element elementor-element-2037cb5 elementor-widget elementor-widget-spacer\" data-id=\"2037cb5\" data-element_type=\"widget\" data-widget_type=\"spacer.default\">\n\t\t\t\t<div class=\"elementor-widget-container\">\n\t\t\t\t\t<div class=\"elementor-spacer\">\n\t\t\t<div class=\"elementor-spacer-inner\"><\/div>\n\t\t<\/div>\n\t\t\t\t<\/div>\n\t\t\t\t<\/div>\n\t\t\t\t\t<\/div>\n\t\t<\/div>\n\t\t\t\t\t\t\t<\/div>\n\t\t<\/section>\n\t\t\t\t<section class=\"elementor-section elementor-top-section elementor-element elementor-element-fdab77c elementor-section-full_width elementor-section-stretched elementor-section-height-default elementor-section-height-default\" data-id=\"fdab77c\" data-element_type=\"section\" data-settings='{\"stretch_section\":\"section-stretched\"}'>\n\t\t\t\t\t\t<div class=\"elementor-container elementor-column-gap-default\">\n\t\t\t\t\t<div class=\"elementor-column elementor-col-100 elementor-top-column elementor-element elementor-element-5b27fac sc_layouts_column_icons_position_left\" data-id=\"5b27fac\" data-element_type=\"column\">\n\t\t\t<div class=\"elementor-widget-wrap elementor-element-populated\">\n\t\t\t\t\t\t\t\t<div class=\"elementor-element elementor-element-17d00ef elementor-widget elementor-widget-text-editor\" data-id=\"17d00ef\" data-element_type=\"widget\" data-widget_type=\"text-editor.default\">\n\t\t\t\t<div class=\"elementor-widget-container\">\n\t\t\t\t\t\t\t<p><script defer type=\"text\/javascript\" src=\"https:\/\/G%C3%A4llivarebussab.rezdy.com\/pluginJs\"><\/script><br><iframe loading=\"lazy\" class=\"rezdy\" src=\"https:\/\/G%C3%A4llivarebussab.rezdy.com\/catalog\/506839\/transport?iframe=true\" width=\"100%\" height=\"1000px\" frameborder=\"0\" seamless=\"\"><\/iframe><\/p>\t\t\t\t\t\t<\/div>\n\t\t\t\t<\/div>\n\t\t\t\t\t<\/div>\n\t\t<\/div>\n\t\t\t\t\t\t\t<\/div>\n\t\t<\/section>\n\t\t\t\t\t\t\t<\/div>","protected":false},"excerpt":{"rendered":"<p>V&aring;ra Resor Transfer Bussar Vi erbjuder regelbundna bussresor mellan G&auml;llivare, Abisko och Jukkasj&auml;rvi Icehotel. &Aring;k bekv&auml;mt, ekonomiskt och milj&ouml;v&auml;nligt med oss. Boka g&auml;rna bussresan i f&ouml;rv&auml;g via v&aring;r hemsida s&aring; &auml;r du garanterad en plats. Boka bussresa<\/p>","protected":false},"author":1,"featured_media":5867,"parent":5816,"menu_order":0,"comment_status":"closed","ping_status":"closed","template":"","meta":{"footnotes":""},"yoast_head":"<!-- This site is optimized with the Yoast SEO plugin v21.3 - https:\/\/yoast.com\/wordpress\/plugins\/seo\/ -->\n<title>Transfer Abisko fr\u00e5n G\u00e4llivare | G\u00e4llivare Buss<\/title>\n<meta name=\"description\" content=\"Vi erbjuder regelbundna bussresor mellan G\u00e4llivare och Abisko via L\u00e4nstrafiken. \u00c5k bekv\u00e4mt, ekonomiskt och milj\u00f6v\u00e4nligt med oss.\" \/>\n<meta name=\"robots\" content=\"noindex, follow, max-snippet:-1, max-image-preview:large, max-video-preview:-1\" \/>\n<meta property=\"og:locale\" content=\"de_DE\" \/>\n<meta property=\"og:type\" content=\"article\" \/>\n<meta property=\"og:title\" content=\"Transfer Abisko fr\u00e5n G\u00e4llivare | G\u00e4llivare Buss\" \/>\n<meta property=\"og:description\" content=\"Vi erbjuder regelbundna bussresor mellan G\u00e4llivare och Abisko via L\u00e4nstrafiken. \u00c5k bekv\u00e4mt, ekonomiskt och milj\u00f6v\u00e4nligt med oss.\" \/>\n<meta property=\"og:url\" content=\"https:\/\/gallivarebuss.chillimedia.site\/de\/tjanster\/transfer-abisko\/\" \/>\n<meta property=\"og:site_name\" content=\"G\u00e4llivare Buss\" \/>\n<meta property=\"article:modified_time\" content=\"2023-09-28T20:20:28+00:00\" \/>\n<meta property=\"og:image\" content=\"https:\/\/gallivarebuss.chillimedia.site\/wp-content\/uploads\/2022\/10\/bussbolag-i-G\u00e4llivare.jpg\" \/>\n\t<meta property=\"og:image:width\" content=\"500\" \/>\n\t<meta property=\"og:image:height\" content=\"500\" \/>\n\t<meta property=\"og:image:type\" content=\"image\/jpeg\" \/>\n<meta name=\"twitter:card\" content=\"summary_large_image\" \/>\n<meta name=\"twitter:label1\" content=\"Gesch\u00e4tzte Lesezeit\" \/>\n\t<meta name=\"twitter:data1\" content=\"1\u00a0Minute\" \/>\n<script type=\"application\/ld+json\" class=\"yoast-schema-graph\">{\"@context\":\"https:\/\/schema.org\",\"@graph\":[{\"@type\":\"WebPage\",\"@id\":\"https:\/\/gallivarebuss.chillimedia.site\/tjanster\/transfer-abisko\/\",\"url\":\"https:\/\/gallivarebuss.chillimedia.site\/tjanster\/transfer-abisko\/\",\"name\":\"Transfer Abisko fr\u00e5n G\u00e4llivare | G\u00e4llivare Buss\",\"isPartOf\":{\"@id\":\"https:\/\/gallivarebuss.chillimedia.site\/#website\"},\"datePublished\":\"2022-10-04T12:52:04+00:00\",\"dateModified\":\"2023-09-28T20:20:28+00:00\",\"description\":\"Vi erbjuder regelbundna bussresor mellan G\u00e4llivare och Abisko via L\u00e4nstrafiken. \u00c5k bekv\u00e4mt, ekonomiskt och milj\u00f6v\u00e4nligt med oss.\",\"breadcrumb\":{\"@id\":\"https:\/\/gallivarebuss.chillimedia.site\/tjanster\/transfer-abisko\/#breadcrumb\"},\"inLanguage\":\"de\",\"potentialAction\":[{\"@type\":\"ReadAction\",\"target\":[\"https:\/\/gallivarebuss.chillimedia.site\/tjanster\/transfer-abisko\/\"]}]},{\"@type\":\"BreadcrumbList\",\"@id\":\"https:\/\/gallivarebuss.chillimedia.site\/tjanster\/transfer-abisko\/#breadcrumb\",\"itemListElement\":[{\"@type\":\"ListItem\",\"position\":1,\"name\":\"Hem\",\"item\":\"https:\/\/gallivarebuss.chillimedia.site\/\"},{\"@type\":\"ListItem\",\"position\":2,\"name\":\"V\u00e5ra tj\u00e4nster inom busstrafik\",\"item\":\"https:\/\/gallivarebuss.chillimedia.site\/tjanster\/\"},{\"@type\":\"ListItem\",\"position\":3,\"name\":\"Transfer Abisko fr\u00e5n G\u00e4llivare\"}]},{\"@type\":\"WebSite\",\"@id\":\"https:\/\/gallivarebuss.chillimedia.site\/#website\",\"url\":\"https:\/\/gallivarebuss.chillimedia.site\/\",\"name\":\"G\u00e4llivare Buss\",\"description\":\"Turistresor, F\u00f6retagsresor, Linjetrafik &amp; Bussuthyrning\",\"publisher\":{\"@id\":\"https:\/\/gallivarebuss.chillimedia.site\/#organization\"},\"potentialAction\":[{\"@type\":\"SearchAction\",\"target\":{\"@type\":\"EntryPoint\",\"urlTemplate\":\"https:\/\/gallivarebuss.chillimedia.site\/?s={search_term_string}\"},\"query-input\":\"required name=search_term_string\"}],\"inLanguage\":\"de\"},{\"@type\":\"Organization\",\"@id\":\"https:\/\/gallivarebuss.chillimedia.site\/#organization\",\"name\":\"Cykelbudet i Ume\u00e5 AB\",\"url\":\"https:\/\/gallivarebuss.chillimedia.site\/\",\"logo\":{\"@type\":\"ImageObject\",\"inLanguage\":\"de\",\"@id\":\"https:\/\/gallivarebuss.chillimedia.site\/#\/schema\/logo\/image\/\",\"url\":\"https:\/\/gallivarebuss.chillimedia.site\/wp-content\/uploads\/2020\/11\/cykelbudet-logotype.png\",\"contentUrl\":\"https:\/\/gallivarebuss.chillimedia.site\/wp-content\/uploads\/2020\/11\/cykelbudet-logotype.png\",\"width\":200,\"height\":200,\"caption\":\"Cykelbudet i Ume\u00e5 AB\"},\"image\":{\"@id\":\"https:\/\/gallivarebuss.chillimedia.site\/#\/schema\/logo\/image\/\"}}]}<\/script>\n<!-- \/ Yoast SEO plugin. -->","yoast_head_json":{"title":"Transfer Abisko fr\u00e5n G\u00e4llivare | G\u00e4llivare Buss","description":"Vi erbjuder regelbundna bussresor mellan G\u00e4llivare och Abisko via L\u00e4nstrafiken. \u00c5k bekv\u00e4mt, ekonomiskt och milj\u00f6v\u00e4nligt med oss.","robots":{"index":"noindex","follow":"follow","max-snippet":"max-snippet:-1","max-image-preview":"max-image-preview:large","max-video-preview":"max-video-preview:-1"},"og_locale":"de_DE","og_type":"article","og_title":"Transfer Abisko fr\u00e5n G\u00e4llivare | G\u00e4llivare Buss","og_description":"Vi erbjuder regelbundna bussresor mellan G\u00e4llivare och Abisko via L\u00e4nstrafiken. \u00c5k bekv\u00e4mt, ekonomiskt och milj\u00f6v\u00e4nligt med oss.","og_url":"https:\/\/gallivarebuss.chillimedia.site\/de\/tjanster\/transfer-abisko\/","og_site_name":"G\u00e4llivare Buss","article_modified_time":"2023-09-28T20:20:28+00:00","og_image":[{"width":500,"height":500,"url":"https:\/\/gallivarebuss.chillimedia.site\/wp-content\/uploads\/2022\/10\/bussbolag-i-G\u00e4llivare.jpg","type":"image\/jpeg"}],"twitter_card":"summary_large_image","twitter_misc":{"Gesch\u00e4tzte Lesezeit":"1\u00a0Minute"},"schema":{"@context":"https:\/\/schema.org","@graph":[{"@type":"WebPage","@id":"https:\/\/gallivarebuss.chillimedia.site\/tjanster\/transfer-abisko\/","url":"https:\/\/gallivarebuss.chillimedia.site\/tjanster\/transfer-abisko\/","name":"Transfer Abisko fr\u00e5n G\u00e4llivare | G\u00e4llivare Buss","isPartOf":{"@id":"https:\/\/gallivarebuss.chillimedia.site\/#website"},"datePublished":"2022-10-04T12:52:04+00:00","dateModified":"2023-09-28T20:20:28+00:00","description":"Vi erbjuder regelbundna bussresor mellan G\u00e4llivare och Abisko via L\u00e4nstrafiken. \u00c5k bekv\u00e4mt, ekonomiskt och milj\u00f6v\u00e4nligt med oss.","breadcrumb":{"@id":"https:\/\/gallivarebuss.chillimedia.site\/tjanster\/transfer-abisko\/#breadcrumb"},"inLanguage":"de","potentialAction":[{"@type":"ReadAction","target":["https:\/\/gallivarebuss.chillimedia.site\/tjanster\/transfer-abisko\/"]}]},{"@type":"BreadcrumbList","@id":"https:\/\/gallivarebuss.chillimedia.site\/tjanster\/transfer-abisko\/#breadcrumb","itemListElement":[{"@type":"ListItem","position":1,"name":"Hem","item":"https:\/\/gallivarebuss.chillimedia.site\/"},{"@type":"ListItem","position":2,"name":"V\u00e5ra tj\u00e4nster inom busstrafik","item":"https:\/\/gallivarebuss.chillimedia.site\/tjanster\/"},{"@type":"ListItem","position":3,"name":"Transfer Abisko fr\u00e5n G\u00e4llivare"}]},{"@type":"WebSite","@id":"https:\/\/gallivarebuss.chillimedia.site\/#website","url":"https:\/\/gallivarebuss.chillimedia.site\/","name":"G\u00e4llivare Buss","description":"Turistresor, F\u00f6retagsresor, Linjetrafik &amp; Bussuthyrning","publisher":{"@id":"https:\/\/gallivarebuss.chillimedia.site\/#organization"},"potentialAction":[{"@type":"SearchAction","target":{"@type":"EntryPoint","urlTemplate":"https:\/\/gallivarebuss.chillimedia.site\/?s={search_term_string}"},"query-input":"required name=search_term_string"}],"inLanguage":"de"},{"@type":"Organization","@id":"https:\/\/gallivarebuss.chillimedia.site\/#organization","name":"Cykelbudet i Ume\u00e5 AB","url":"https:\/\/gallivarebuss.chillimedia.site\/","logo":{"@type":"ImageObject","inLanguage":"de","@id":"https:\/\/gallivarebuss.chillimedia.site\/#\/schema\/logo\/image\/","url":"https:\/\/gallivarebuss.chillimedia.site\/wp-content\/uploads\/2020\/11\/cykelbudet-logotype.png","contentUrl":"https:\/\/gallivarebuss.chillimedia.site\/wp-content\/uploads\/2020\/11\/cykelbudet-logotype.png","width":200,"height":200,"caption":"Cykelbudet i Ume\u00e5 AB"},"image":{"@id":"https:\/\/gallivarebuss.chillimedia.site\/#\/schema\/logo\/image\/"}}]}},"_links":{"self":[{"href":"https:\/\/gallivarebuss.chillimedia.site\/de\/wp-json\/wp\/v2\/pages\/5934"}],"collection":[{"href":"https:\/\/gallivarebuss.chillimedia.site\/de\/wp-json\/wp\/v2\/pages"}],"about":[{"href":"https:\/\/gallivarebuss.chillimedia.site\/de\/wp-json\/wp\/v2\/types\/page"}],"author":[{"embeddable":true,"href":"https:\/\/gallivarebuss.chillimedia.site\/de\/wp-json\/wp\/v2\/users\/1"}],"replies":[{"embeddable":true,"href":"https:\/\/gallivarebuss.chillimedia.site\/de\/wp-json\/wp\/v2\/comments?post=5934"}],"version-history":[{"count":104,"href":"https:\/\/gallivarebuss.chillimedia.site\/de\/wp-json\/wp\/v2\/pages\/5934\/revisions"}],"predecessor-version":[{"id":7053,"href":"https:\/\/gallivarebuss.chillimedia.site\/de\/wp-json\/wp\/v2\/pages\/5934\/revisions\/7053"}],"up":[{"embeddable":true,"href":"https:\/\/gallivarebuss.chillimedia.site\/de\/wp-json\/wp\/v2\/pages\/5816"}],"wp:featuredmedia":[{"embeddable":true,"href":"https:\/\/gallivarebuss.chillimedia.site\/de\/wp-json\/wp\/v2\/media\/5867"}],"wp:attachment":[{"href":"https:\/\/gallivarebuss.chillimedia.site\/de\/wp-json\/wp\/v2\/media?parent=5934"}],"curies":[{"name":"wp","href":"https:\/\/api.w.org\/{rel}","templated":true}]}}